{"id":3311,"date":"2022-11-16T17:47:14","date_gmt":"2022-11-16T16:47:14","guid":{"rendered":"https:\/\/body-wisdom.org\/haftungsausschuss\/"},"modified":"2023-01-12T14:17:12","modified_gmt":"2023-01-12T13:17:12","slug":"haftungsausschuss","status":"publish","type":"page","link":"https:\/\/body-wisdom.net\/de\/haftungsausschuss\/","title":{"rendered":"Haftungsausschuss"},"content":{"rendered":"\t\t<div data-elementor-type=\"wp-page\" data-elementor-id=\"3311\" class=\"elementor elementor-3311 elementor-2708\" data-elementor-settings=\"{&quot;element_pack_global_tooltip_width&quot;:{&quot;unit&quot;:&quot;px&quot;,&quot;size&quot;:&quot;&quot;,&quot;sizes&quot;:[]},&quot;element_pack_global_tooltip_width_tablet&quot;:{&quot;unit&quot;:&quot;px&quot;,&quot;size&quot;:&quot;&quot;,&quot;sizes&quot;:[]},&quot;element_pack_global_tooltip_width_mobile&quot;:{&quot;unit&quot;:&quot;px&quot;,&quot;size&quot;:&quot;&quot;,&quot;sizes&quot;:[]},&quot;element_pack_global_tooltip_padding&quot;:{&quot;unit&quot;:&quot;px&quot;,&quot;top&quot;:&quot;&quot;,&quot;right&quot;:&quot;&quot;,&quot;bottom&quot;:&quot;&quot;,&quot;left&quot;:&quot;&quot;,&quot;isLinked&quot;:true},&quot;element_pack_global_tooltip_padding_tablet&quot;:{&quot;unit&quot;:&quot;px&quot;,&quot;top&quot;:&quot;&quot;,&quot;right&quot;:&quot;&quot;,&quot;bottom&quot;:&quot;&quot;,&quot;left&quot;:&quot;&quot;,&quot;isLinked&quot;:true},&quot;element_pack_global_tooltip_padding_mobile&quot;:{&quot;unit&quot;:&quot;px&quot;,&quot;top&quot;:&quot;&quot;,&quot;right&quot;:&quot;&quot;,&quot;bottom&quot;:&quot;&quot;,&quot;left&quot;:&quot;&quot;,&quot;isLinked&quot;:true},&quot;element_pack_global_tooltip_border_radius&quot;:{&quot;unit&quot;:&quot;px&quot;,&quot;top&quot;:&quot;&quot;,&quot;right&quot;:&quot;&quot;,&quot;bottom&quot;:&quot;&quot;,&quot;left&quot;:&quot;&quot;,&quot;isLinked&quot;:true},&quot;element_pack_global_tooltip_border_radius_tablet&quot;:{&quot;unit&quot;:&quot;px&quot;,&quot;top&quot;:&quot;&quot;,&quot;right&quot;:&quot;&quot;,&quot;bottom&quot;:&quot;&quot;,&quot;left&quot;:&quot;&quot;,&quot;isLinked&quot;:true},&quot;element_pack_global_tooltip_border_radius_mobile&quot;:{&quot;unit&quot;:&quot;px&quot;,&quot;top&quot;:&quot;&quot;,&quot;right&quot;:&quot;&quot;,&quot;bottom&quot;:&quot;&quot;,&quot;left&quot;:&quot;&quot;,&quot;isLinked&quot;:true}}\" data-elementor-post-type=\"page\">\n\t\t\t\t<div class=\"elementor-element elementor-element-2faa9c1 e-flex e-con-boxed e-con e-parent\" data-id=\"2faa9c1\" data-element_type=\"container\" data-e-type=\"container\">\n\t\t\t\t\t<div class=\"e-con-inner\">\n\t\t\t\t<div class=\"elementor-element elementor-element-d1ea466 elementor-widget__width-inherit elementor-widget elementor-widget-heading\" data-id=\"d1ea466\" data-element_type=\"widget\" data-e-type=\"widget\" data-widget_type=\"heading.default\">\n\t\t\t\t<div class=\"elementor-widget-container\">\n\t\t\t\t\t<h1 class=\"elementor-heading-title elementor-size-default\">Haftungsausschuss<\/h1>\t\t\t\t<\/div>\n\t\t\t\t<\/div>\n\t\t\t\t<div class=\"elementor-element elementor-element-967b4d5 elementor-widget elementor-widget-text-editor\" data-id=\"967b4d5\" data-element_type=\"widget\" data-e-type=\"widget\" data-widget_type=\"text-editor.default\">\n\t\t\t\t<div class=\"elementor-widget-container\">\n\t\t\t\t\t\t\t\t\t<p><span style=\"color: #000000;\"><strong>Allgemein<\/p>\n<p><\/strong><\/span><\/p>\n<ul>\n<li>Durch das Betreten dieser Website oder den Kauf oder die Nutzung unseres Blogs, unserer E-Mails, Programme, Dienstleistungen und \/ oder Produkte erkl\u00e4ren Sie sich damit einverstanden, alle Teile dieses Haftungsausschlusses zu akzeptieren. Wenn Sie dem unten stehenden Haftungsausschluss nicht zustimmen, STOPPEN Sie jetzt und verwenden Sie unsere Website, unseren Blog, unsere E-Mails, Programme, Dienstleistungen oder Produkte nicht.<\/li>\n<li>Durch die Nutzung dieser Website, dieses Blogs, von E-Mails oder eines unserer Programme, Dienste oder Produkte erkl\u00e4ren Sie sich implizit mit allen Teilen des oben genannten [or below] Haftungsausschlusses einverstanden.<\/li>\n<\/ul>\n<p><span style=\"color: #000000;\"><strong>Allgemein keine Garantien<\/p>\n<p><\/strong><\/span>Wir sind in keiner Weise verantwortlich f\u00fcr die Informationen, die Sie \u00fcber oder auf unserer Website, unserem Blog, E-Mails, Programmen, Diensten und \/ oder Produkten anfordern oder erhalten. In keinem Fall haften wir gegen\u00fcber einer Partei f\u00fcr direkte, indirekte, besondere, zuf\u00e4llige, gerechte oder Folgesch\u00e4den, die durch die Nutzung oder das Vertrauen auf diese Website oder diesen Blog, E-Mails, Programme, Dienstleistungen und \/ oder Produkte entstehen, einschlie\u00dflich, ohne Einschr\u00e4nkung, entgangenen Gewinn, pers\u00f6nliche oder gesch\u00e4ftliche Unterbrechungen, Personensch\u00e4den, Unf\u00e4lle, fehlerhafte Anwendung von Informationen oder sonstige Verluste, Krankheiten, Krankheiten oder Schwierigkeiten oder auf andere Weise, selbst wenn wir ausdr\u00fccklich auf die M\u00f6glichkeit solcher Sch\u00e4den oder Schwierigkeiten hingewiesen werden.<\/p>\n<\/p>\n<p><span style=\"color: #000000;\"><strong>Haftungsausschluss f\u00fcr externe Links:<br \/><\/strong><\/span><br \/>Verweise oder Links auf dieser Website, in diesem Blog, in E-Mails, Programmen, Dienstleistungen oder Produkten auf Informationen, Meinungen, Ratschl\u00e4ge, Programme, Dienstleistungen oder Produkte anderer Unternehmen oder Organisationen stellen keine Billigung oder Empfehlung dar. Wir sind nicht verantwortlich f\u00fcr den Inhalt von Webseiten, Unternehmen oder Personen au\u00dferhalb der Website, auf die auf dieser Website verwiesen wird oder auf die verwiesen wird.<\/p>\n<\/p>\n<p><span style=\"color: #000000;\"><strong>MEDIZINISCHE HAFTUNGSAUSSCHL\u00dcSSE<br \/><\/strong><\/span><br \/>1. YaSen Ltd. Trading Company empfiehlt dringend, dass Sie Ihren Arzt konsultieren, bevor Sie mit einem Trainingsprogramm beginnen. Sie sollten in guter k\u00f6rperlicher Verfassung sein und an der \u00dcbung teilnehmen k\u00f6nnen. YaSen Ltd. Der Trainer von YaSen Ltd. Trading Company ist kein zugelassener medizinischer Leistungserbringer und versichert, dass er keine Erfahrung in der Diagnose, Untersuchung oder Behandlung von Erkrankungen jeglicher Art oder in der Bestimmung der Auswirkung einer bestimmten \u00dcbung auf eine Erkrankung hat.<br \/>2. Sie sollten verstehen, dass bei der Teilnahme an einer \u00dcbung oder einem Trainingsprogramm die M\u00f6glichkeit einer K\u00f6rperverletzung besteht. Wenn Sie an dieser \u00dcbung oder diesem \u00dcbungsprogramm teilnehmen, erkl\u00e4ren Sie sich damit einverstanden, dass Sie dies auf eigenes Risiko tun, freiwillig an diesen Aktivit\u00e4ten teilnehmen, das gesamte Verletzungsrisiko f\u00fcr sich selbst \u00fcbernehmen und sich damit einverstanden erkl\u00e4ren, YaSen Ltd. Trading Company freizulassen und zu entlassen alle bekannten oder unbekannten Anspr\u00fcche oder Ursachen von Handlungen, die sich aus YaSen Ltd. Trading Company ergeben. Trading Company<br \/>3. Die bereitgestellten Informationen sind kein Ersatz f\u00fcr professionelle medizinische Beratung, Diagnose oder Behandlung. Ignorieren Sie niemals professionellen medizinischen Rat oder verz\u00f6gern Sie die Suche aufgrund von etwas, das Sie auf dieser Website gelesen haben. Verlassen Sie sich niemals auf Informationen auf dieser Website, anstatt professionellen medizinischen Rat einzuholen.<br \/>4. YaSen Ltd. aSen Ltd. Trading Company (body-wisdom.net) ist nicht verantwortlich oder haftbar f\u00fcr Ratschl\u00e4ge, Behandlungsabl\u00e4ufe, Diagnosen oder andere Informationen, Dienstleistungen oder Produkte, die Sie \u00fcber diese Website erhalten. Wir empfehlen Ihnen, Ihren Arzt bez\u00fcglich dieser Informationen auf oder \u00fcber diese Website zu konsultieren. Nachdem Sie Artikel gelesen, Videos angesehen oder andere Inhalte von dieser Website gelesen haben, sollten Sie die Informationen sorgf\u00e4ltig mit Ihrem professionellen Gesundheitsdienstleister besprechen.<\/p>\n<\/p>\n<p><span style=\"color: #000000;\"><strong>PERS\u00d6NLICHE HAFTUNGSAUSSCHL\u00dcSSE<\/strong><\/span><\/p>\n<p>1. Ich bin kein Arzt. Die Informationen, die ich zur Verf\u00fcgung stelle, basieren auf meiner pers\u00f6nlichen Erfahrung und meiner Erfahrung als Personal Trainer.<br \/>2. Die auf unserer Website, in Blogs, Gastblogs, E-Mails, Programmen, Diensten und \/ oder Produkten enthaltenen Informationen dienen ausschlie\u00dflich Bildungs- und Informationszwecken und werden Ihnen als Selbsthilfetools zur Verf\u00fcgung gestellt [edit to something that works for you] f\u00fcr Ihren eigenen Gebrauch. W\u00e4hrend wir in vielen Bereichen auf unsere vorherige Fachkompetenz und unseren Hintergrund zur\u00fcckgreifen, erkennen Sie an, dass wir Sie in unseren Rollen ausschlie\u00dflich als pers\u00f6nliche Trainer unterst\u00fctzen. Wir informieren Sie unter anderem \u00fcber Gesundheit, Fitness und pers\u00f6nliche Entwicklung.<br \/>3. Wir sind keine \u00c4rzte oder Anbieter von psychischen Gesundheitsdiensten und wir halten uns nicht daf\u00fcr aus, in irgendeiner Funktion zu sein. Wir dienen vielmehr als Coaches, Mentoren und Guides, die Ihnen helfen, Ihre eigenen Gesundheits- und Wellnessziele zu erreichen.<br \/>4. Wir sind bestrebt, die auf dieser Website, in diesem Blog, in E-Mails, Programmen, Diensten und Produkten bereitgestellten Informationen genau darzustellen. Sie erkennen an, dass Sie freiwillig an der Nutzung unserer Website oder unseres Blogs oder an unseren E-Mails, Programmen, Diensten und \/ oder Produkten teilnehmen, und Sie sind allein und pers\u00f6nlich f\u00fcr Ihre Ergebnisse verantwortlich. Sie erkennen an, dass Sie die volle Verantwortung f\u00fcr Ihre Gesundheit, Ihr Leben und Ihr Wohlbefinden sowie f\u00fcr die Gesundheit, das Leben und das Wohlbefinden Ihrer Familie und Kinder (geboren und ungeboren, sofern zutreffend) sowie f\u00fcr alle Entscheidungen jetzt oder in Zukunft \u00fcbernehmen.<br \/>5. F\u00fcr den Fall, dass Sie die auf unserer Website, in unserem Blog, in E-Mails, Programmen, Diensten und \/ oder Produkten bereitgestellten Informationen verwenden, \u00fcbernehmen wir keine Verantwortung.<br \/>6. Es werden alle Anstrengungen unternommen, um die Richtigkeit der ver\u00f6ffentlichten Informationen auf oder \u00fcber unsere Website, unseren Blog, unsere E-Mails, Programme, Dienstleistungen und Produkte sicherzustellen. Die Informationen k\u00f6nnen jedoch versehentlich Ungenauigkeiten oder Tippfehler enthalten. Es wurden alle Anstrengungen unternommen, um Ihnen die genauesten und aktuellsten Informationen zu pr\u00e4sentieren. Da sich die Art der Forschung zu Ern\u00e4hrung, Fitness und pers\u00f6nlicher Entwicklung jedoch st\u00e4ndig weiterentwickelt, k\u00f6nnen wir nicht f\u00fcr die Richtigkeit unserer Inhalte verantwortlich gemacht werden.<\/p>\n<\/p>\n<p><span style=\"color: #000000;\"><strong>ERGEBNISSE HAFTUNGSAUSSCHLUSS<\/strong><\/span><\/p>\n<p>1. Wir bem\u00fchen uns, diese Produkte und Dienstleistungen sowie deren Ergebnispotenzial genau darzustellen. Es gibt keine Garantie daf\u00fcr, dass Sie die gleichen Ergebnisse erzielen, und Sie akzeptieren das Risiko, dass sich die Ergebnisse des Muskelaufbaus, der Fitness, der Wettk\u00e4mpfe, der Di\u00e4ten und des Fettabbaus individuell unterscheiden.<br \/>2. Wir \u00fcbernehmen keine Garantie f\u00fcr den Erfolg, den Sie m\u00f6glicherweise erleben, und Sie akzeptieren das Risiko, dass die Ergebnisse f\u00fcr jeden Einzelnen unterschiedlich sind. Bei den bereitgestellten Testimonials und Beispielen handelt es sich um au\u00dfergew\u00f6hnliche Ergebnisse, die nicht f\u00fcr den durchschnittlichen K\u00e4ufer gelten und nicht die Zusicherung oder Garantie darstellen sollen, dass jemand die gleichen oder \u00e4hnliche Ergebnisse erzielt.<br \/>3. Der Gesundheits-, Fitness- und Ern\u00e4hrungserfolg jedes Einzelnen h\u00e4ngt von seinem Hintergrund, seinem Engagement, seinem Wunsch und seiner Motivation ab. Wie bei jedem gesundheitsbezogenen Programm oder Service k\u00f6nnen Ihre Ergebnisse variieren und basieren auf vielen Variablen, einschlie\u00dflich, aber nicht beschr\u00e4nkt auf Ihre individuelle Kapazit\u00e4t, Lebenserfahrung, Ihr einzigartiges Gesundheits- und Genprofil, Ihren Ausgangspunkt, Ihr Fachwissen und Ihr Niveau Engagement.<br \/>4. Es gibt keine Garantie daf\u00fcr, dass Beispiele f\u00fcr fr\u00fchere Fitness, Wettbewerb, Muskelaufbau, Di\u00e4tergebnisse und \/ oder Fettverbrennungsergebnisse in Zukunft dupliziert werden k\u00f6nnen. Wir k\u00f6nnen Ihre zuk\u00fcnftigen Ergebnisse und \/ oder Ihren Erfolg nicht garantieren. Wir k\u00f6nnen auch nicht garantieren, dass Sie die erzielten Ergebnisse beibehalten, wenn Sie das Programm nicht weiter verfolgen. Wir sind nicht verantwortlich f\u00fcr Ihre Handlungen.<br \/>5. Die Verwendung unserer Informationen, Produkte und Dienstleistungen sollte auf Ihrer eigenen Sorgfalt beruhen und Sie stimmen zu, dass unser Unternehmen nicht f\u00fcr Erfolg oder Misserfolg Ihres K\u00f6rpers haftet, der direkt oder indirekt mit dem Kauf und der Verwendung unserer Informationen, Produkte zusammenh\u00e4ngt und Dienstleistungen.<br \/>6. Wir pr\u00e4sentieren reale Erfahrungen und Einblicke in die Erfahrungen anderer Menschen nur zu Illustrationszwecken.<br \/>7. Die verwendeten Testimonials, Beispiele und Fotos zeigen tats\u00e4chliche Kunden und Ergebnisse, die sie pers\u00f6nlich erzielt haben. Jeder Kunde hat diese Testimonials, Beispiele und Fotos zur Verwendung in Materialien genehmigt, um mit unseren Programm-, Service- und \/ oder Produktfunktionen zu sprechen. Sie sollen jedoch nicht darstellen oder garantieren, dass aktuelle oder zuk\u00fcnftige Kunden dieselben oder \u00e4hnliche Ergebnisse erzielen. Diese Kundengeschichten repr\u00e4sentieren vielmehr, was mit unseren Programmen, Dienstleistungen und \/ oder Produkten m\u00f6glich ist.<br \/>\u200b<\/p>\n<\/p>\n<p style=\"text-align: center;\"><strong>Wenn dieser Haftungsausschluss Sie erschreckt oder davon abgehalten hat, Ma\u00dfnahmen zu ergreifen, sind meine Informationen, Produkte und Dienstleistungen nichts f\u00fcr Sie. Wenn dieser Haftungsausschluss Sie jedoch dazu inspiriert hat, auf den Tisch zu treten und ehrliche Anstrengungen zu unternehmen, um mit mir und den von mir angebotenen L\u00f6sungen zusammenzuarbeiten &#8211; herzlichen Gl\u00fcckwunsch! Ich freue mich auf die Zusammenarbeit mit Ihnen.<\/strong><br \/>\u200b<br \/><span style=\"color: #999999;\">Anerkennung: Rachel Brenke (https:\/\/fitlegally.com\/disclaimers-needed-for-fitness-coaches\/)<\/span><\/p>\n\t\t\t\t\t\t\t\t<\/div>\n\t\t\t\t<\/div>\n\t\t\t\t\t<\/div>\n\t\t\t\t<\/div>\n\t\t\t\t<\/div>\n\t\t","protected":false},"excerpt":{"rendered":"<p>Haftungsausschuss Allgemein Durch das Betreten dieser Website oder den Kauf oder die Nutzung unseres Blogs, unserer E-Mails, Programme, Dienstleistungen und \/ oder Produkte erkl\u00e4ren Sie sich damit einverstanden, alle Teile dieses Haftungsausschlusses zu akzeptieren. Wenn Sie dem unten stehenden Haftungsausschluss nicht zustimmen, STOPPEN Sie jetzt und verwenden Sie unsere Website, unseren Blog, unsere E-Mails, Programme, [&hellip;]<\/p>\n","protected":false},"author":1,"featured_media":0,"parent":0,"menu_order":27,"comment_status":"closed","ping_status":"closed","template":"elementor_header_footer","meta":{"footnotes":""},"class_list":["post-3311","page","type-page","status-publish","hentry"],"_links":{"self":[{"href":"https:\/\/body-wisdom.net\/de\/wp-json\/wp\/v2\/pages\/3311","targetHints":{"allow":["GET"]}}],"collection":[{"href":"https:\/\/body-wisdom.net\/de\/wp-json\/wp\/v2\/pages"}],"about":[{"href":"https:\/\/body-wisdom.net\/de\/wp-json\/wp\/v2\/types\/page"}],"author":[{"embeddable":true,"href":"https:\/\/body-wisdom.net\/de\/wp-json\/wp\/v2\/users\/1"}],"replies":[{"embeddable":true,"href":"https:\/\/body-wisdom.net\/de\/wp-json\/wp\/v2\/comments?post=3311"}],"version-history":[{"count":0,"href":"https:\/\/body-wisdom.net\/de\/wp-json\/wp\/v2\/pages\/3311\/revisions"}],"wp:attachment":[{"href":"https:\/\/body-wisdom.net\/de\/wp-json\/wp\/v2\/media?parent=3311"}],"curies":[{"name":"wp","href":"https:\/\/api.w.org\/{rel}","templated":true}]}}