{"id":3315,"date":"2022-11-16T18:12:30","date_gmt":"2022-11-16T17:12:30","guid":{"rendered":"https:\/\/body-wisdom.org\/rueckgabe-garantie\/"},"modified":"2023-02-15T03:13:42","modified_gmt":"2023-02-15T02:13:42","slug":"rueckgabe-garantie","status":"publish","type":"page","link":"https:\/\/body-wisdom.net\/de\/rueckgabe-garantie\/","title":{"rendered":"R\u00fccksendung &amp; Garantie"},"content":{"rendered":"\t\t<div data-elementor-type=\"wp-page\" data-elementor-id=\"3315\" class=\"elementor elementor-3315 elementor-2701\" data-elementor-settings=\"{&quot;element_pack_global_tooltip_width&quot;:{&quot;unit&quot;:&quot;px&quot;,&quot;size&quot;:&quot;&quot;,&quot;sizes&quot;:[]},&quot;element_pack_global_tooltip_width_tablet&quot;:{&quot;unit&quot;:&quot;px&quot;,&quot;size&quot;:&quot;&quot;,&quot;sizes&quot;:[]},&quot;element_pack_global_tooltip_width_mobile&quot;:{&quot;unit&quot;:&quot;px&quot;,&quot;size&quot;:&quot;&quot;,&quot;sizes&quot;:[]},&quot;element_pack_global_tooltip_padding&quot;:{&quot;unit&quot;:&quot;px&quot;,&quot;top&quot;:&quot;&quot;,&quot;right&quot;:&quot;&quot;,&quot;bottom&quot;:&quot;&quot;,&quot;left&quot;:&quot;&quot;,&quot;isLinked&quot;:true},&quot;element_pack_global_tooltip_padding_tablet&quot;:{&quot;unit&quot;:&quot;px&quot;,&quot;top&quot;:&quot;&quot;,&quot;right&quot;:&quot;&quot;,&quot;bottom&quot;:&quot;&quot;,&quot;left&quot;:&quot;&quot;,&quot;isLinked&quot;:true},&quot;element_pack_global_tooltip_padding_mobile&quot;:{&quot;unit&quot;:&quot;px&quot;,&quot;top&quot;:&quot;&quot;,&quot;right&quot;:&quot;&quot;,&quot;bottom&quot;:&quot;&quot;,&quot;left&quot;:&quot;&quot;,&quot;isLinked&quot;:true},&quot;element_pack_global_tooltip_border_radius&quot;:{&quot;unit&quot;:&quot;px&quot;,&quot;top&quot;:&quot;&quot;,&quot;right&quot;:&quot;&quot;,&quot;bottom&quot;:&quot;&quot;,&quot;left&quot;:&quot;&quot;,&quot;isLinked&quot;:true},&quot;element_pack_global_tooltip_border_radius_tablet&quot;:{&quot;unit&quot;:&quot;px&quot;,&quot;top&quot;:&quot;&quot;,&quot;right&quot;:&quot;&quot;,&quot;bottom&quot;:&quot;&quot;,&quot;left&quot;:&quot;&quot;,&quot;isLinked&quot;:true},&quot;element_pack_global_tooltip_border_radius_mobile&quot;:{&quot;unit&quot;:&quot;px&quot;,&quot;top&quot;:&quot;&quot;,&quot;right&quot;:&quot;&quot;,&quot;bottom&quot;:&quot;&quot;,&quot;left&quot;:&quot;&quot;,&quot;isLinked&quot;:true}}\" data-elementor-post-type=\"page\">\n\t\t\t\t<div class=\"elementor-element elementor-element-2faa9c1 e-flex e-con-boxed e-con e-parent\" data-id=\"2faa9c1\" data-element_type=\"container\" data-e-type=\"container\">\n\t\t\t\t\t<div class=\"e-con-inner\">\n\t\t\t\t<div class=\"elementor-element elementor-element-d1ea466 elementor-widget__width-inherit elementor-widget elementor-widget-heading\" data-id=\"d1ea466\" data-element_type=\"widget\" data-e-type=\"widget\" data-widget_type=\"heading.default\">\n\t\t\t\t<div class=\"elementor-widget-container\">\n\t\t\t\t\t<h1 class=\"elementor-heading-title elementor-size-default\">R\u00fcckgabe &amp; Garantie<\/h1>\t\t\t\t<\/div>\n\t\t\t\t<\/div>\n\t\t<div class=\"elementor-element elementor-element-92fec2b e-flex e-con-boxed e-con e-parent\" data-id=\"92fec2b\" data-element_type=\"container\" data-e-type=\"container\">\n\t\t\t\t\t<div class=\"e-con-inner\">\n\t\t\t\t<div class=\"elementor-element elementor-element-7940dad elementor-widget elementor-widget-text-editor\" data-id=\"7940dad\" data-element_type=\"widget\" data-e-type=\"widget\" data-widget_type=\"text-editor.default\">\n\t\t\t\t<div class=\"elementor-widget-container\">\n\t\t\t\t\t\t\t\t\t<h2 style=\"text-align: center;\">30 Tage Geld-zur\u00fcck-Garantie<\/h2>\n\t\t\t\t\t\t\t\t<\/div>\n\t\t\t\t<\/div>\n\t\t\t\t<div class=\"elementor-element elementor-element-11a507d elementor-widget elementor-widget-image\" data-id=\"11a507d\" data-element_type=\"widget\" data-e-type=\"widget\" data-widget_type=\"image.default\">\n\t\t\t\t<div class=\"elementor-widget-container\">\n\t\t\t\t\t\t\t\t\t\t\t\t\t\t\t<img decoding=\"async\" width=\"166\" height=\"158\" src=\"https:\/\/body-wisdom.net\/wp-content\/uploads\/big_picture_guarantee_badge.png\" class=\"attachment-large size-large wp-image-3104\" alt=\"big_picture_guarantee_badge\" \/>\t\t\t\t\t\t\t\t\t\t\t\t\t\t\t<\/div>\n\t\t\t\t<\/div>\n\t\t\t\t<div class=\"elementor-element elementor-element-e1685d9 elementor-widget elementor-widget-text-editor\" data-id=\"e1685d9\" data-element_type=\"widget\" data-e-type=\"widget\" data-widget_type=\"text-editor.default\">\n\t\t\t\t<div class=\"elementor-widget-container\">\n\t\t\t\t\t\t\t\t\t<p style=\"text-align: center;\">Wir sind so zuversichtlich, dass du deinen Body Wisdom Sling lieben wirst, dass wir eine 100% ige R\u00fcckerstattung f\u00fcr den Body Wisdom Sling anbieten. Wenn du aus irgendeinem Grund nicht mit dem Produkt zufrieden bist, hast du 30 Tage ab dem Lieferdatum dich bei uns zu melden. <\/p>\n\t\t\t\t\t\t\t\t<\/div>\n\t\t\t\t<\/div>\n\t\t\t\t\t<\/div>\n\t\t\t\t<\/div>\n\t\t\t\t<div class=\"elementor-element elementor-element-967b4d5 elementor-widget elementor-widget-text-editor\" data-id=\"967b4d5\" data-element_type=\"widget\" data-e-type=\"widget\" data-widget_type=\"text-editor.default\">\n\t\t\t\t<div class=\"elementor-widget-container\">\n\t\t\t\t\t\t\t\t\t<h2 style=\"text-align: center;\"><span style=\"color: #000000;\">ALLGEMEINE (ALLE PRODUKTE) ANWEISUNGEN ZUR R\u00dcCKGABE INNERHALB VON 30 TAGEN NACH DEM KAUF:<\/span><\/h2>\n<ul>\n<li>Wir akzeptieren keine R\u00fccksendung von Produkten, die durch unsachgem\u00e4\u00dfe Verwendung und Missbrauch besch\u00e4digt wurden.<\/li>\n<li>Wir akzeptieren das Produkt nur in der Originalverpackung.<\/li>\n<li style=\"text-align: left;\">Sie tragen die Kosten f\u00fcr den R\u00fcckversand an uns.<\/li>\n<li style=\"text-align: left;\">Als R\u00fcckerstattungsbetrag, \u00fcberweisen wir den Kaufbetrag abz\u00fcglich der Versandkosten, den PayPal-Kosten und den Einfuhrgeb\u00fchren.<\/li>\n<li style=\"text-align: left;\">Wir empfehlen Ihnen, beim Verpacken Ihrer R\u00fccksendungen besondere Vorsicht walten zu lassen: Die Kosten f\u00fcr die Reparatur von R\u00fccksendungen, die w\u00e4hrend des Versandvorgangs oder aufgrund unsachgem\u00e4\u00dfer Verpackung besch\u00e4digt wurden, sind vom Kunden zu tragen.<\/li>\n<\/ul>\n<p>Bitte senden Sie uns eine E-Mail an: info@body-wisdom.net und geben Sie an, dass Sie die 30-Tage-Geld-zur\u00fcck-Garantie in Anspruch nehmen m\u00f6chten, sowie Ihre Bestellnummer (diese finden Sie in der E-Mail mit der Bestellbest\u00e4tigung).<\/p><p><br><\/p>\n<p><\/p>\n<p><span style=\"color: #000000;\"><strong>BITTE DIE PRODUKTE ZUR\u00dcCKSENDEN AN: <\/strong><\/span><\/p>\n<p>Um die Absenderadresse zu erhalten, schreiben Sie uns bitte eine E-Mail an info@body-wisdom.net und fragen Sie sich nach der Adresse unter Angabe Ihrer Rechnungsnummer.<\/p><p><br><\/p>\n<p><\/p>\n<h3 style=\"text-align: center;\"><span style=\"color: #000000;\">ALLGEMEINE BODY WISDOM SLING GARANTIE <\/span><\/h3>\n<p>Nach Ablauf der 30 Tage sind Sie noch 5 Jahre nach dem Kaufdatum versichert! Sie haben richtig geh\u00f6rt, 5-j\u00e4hrige Garantie! F\u00fcr Unternehmen \/ Fitnessstudios, die den Body Wisdom Sling in ihren Trainingseinrichtungen verwenden, betr\u00e4gt die Garantie 3 Jahre.<\/p>\n<p><\/p>\n<p><span style=\"color: #000000;\"><strong>R\u00fccksendung<\/strong><\/span><\/p>\n<ul>\n<li>Wir akzeptieren keine R\u00fccksendung von Produkten, die durch unsachgem\u00e4\u00dfe Verwendung und Missbrauch besch\u00e4digt wurden.<\/li>\n<li>Kunden zahlen f\u00fcr den Versand<\/li>\n<li>Als R\u00fcckerstattungsbetrag, \u00fcberweisen wir den Kaufbetrag abz\u00fcglich der Versandkosten, den PayPal-Kosten und den Einfuhrgeb\u00fchren.<\/li>\n<li>Wir empfehlen Ihnen, beim Einpacken Ihrer R\u00fccksendung besondere Sorgfalt walten zu lassen: Die Kosten f\u00fcr die Reparatur von R\u00fccksendungen, die w\u00e4hrend des Versandvorgangs oder aufgrund unsachgem\u00e4\u00dfer Verpackung besch\u00e4digt wurden, tr\u00e4gt der Kunde.<\/li>\n<li>Die folgenden Artikel sind nicht erstattungsf\u00e4hig: Digitale Schulungshandb\u00fccher.<\/li>\n<\/ul><div><br><\/div>\n<p><span style=\"color: #000000;\"><strong>BITTE DIE PRODUKTE ZUR\u00dcCKSENDEN AN: <\/strong><\/span><\/p>\n<p>Um die R\u00fccksendeadresse zu erhalten, schreiben Sie uns bitte eine E-Mail an: &nbsp;info@body-wisdom.net&nbsp;&nbsp; unter der Angabe Ihrer Rechnungsnummer.<\/p>\n<p><\/p>\n<p><\/p>\n<p>Obwohl unsere FDY PE-Gurte und alle anderen Artikel extrem langlebig und stark sind, kann es sein, dass Sie Ihren Body Wisdom Sling innerhalb von 5 Jahren brechen. Wenn Sie der Meinung sind, dass es sich um einen Produktionsfehler oder normalen Gebrauch (Abnutzung) handelt, dann kontaktieren Sie uns bitte \u00fcber email:&nbsp;Sven@body-wisdom.net.&nbsp;Beachten Sie, dass wir die Rechnung f\u00fcr Ihr(e) Produkt(e) sehen m\u00fcssen.&nbsp;<\/p>\n<p><\/p>\n<p>Ob Sie ein neues Produkt oder eine kostenlose Reparatur erhalten, entscheidet unser Qualit\u00e4tsmanager. Wir werden immer unser Bestes tun, um Sie f\u00fcr ein Leben voller abenteuerlicher Workouts fit zu halten.<\/p>\n<p><\/p>\n<p>Die Bearbeitung einer R\u00fccksendung dauert ca. 10 bis 30 Tage, nachdem sie an der angegebenen Adresse eingegangen ist. Sie erhalten eine E-Mail-Best\u00e4tigung, wenn Ihre R\u00fccksendung eingeht.<\/p>\n<p><\/p>\n<p>Je nachdem, wo Sie wohnen, kann die Zeit, in der Ihr Produkt Sie erreicht, variieren.<\/p>\n<p><\/p>\n<p>Wenn Sie einen Artikel \u00fcber USD 60 versenden, empfehlen wir dringend einen nachverfolgbaren Versandservice oder den Abschluss einer Versandversicherung. Wir k\u00f6nnen nicht garantieren, dass wir Ihren zur\u00fcckgegebenen Artikel erhalten. Wir erstatten keine Artikel, die nicht an uns zur\u00fcckgesandt werden.<\/p>\n<p><\/p>\n<p>Wenn Sie Fragen haben, schicken Sie uns eine E-Mail an Sven@body-wisdom.net. Geben Sie unbedingt Ihre R\u00fccksendeadresse an, damit wir wissen, wohin wir die Ware schicken sollen.<\/p>\n<ul>\n<li>Kunden m\u00fcssen unser Produkt direkt bei uns oder \u00fcber einen autorisierten Partner gekauft haben, um unser kostenloses Reparaturprogramm nutzen zu k\u00f6nnen.<\/li>\n<li>Wir k\u00f6nnen keine Produkte reparieren, die durch Fahrl\u00e4ssigkeit oder Missbrauch besch\u00e4digt wurden.<\/li>\n<\/ul>\n<p style=\"text-align: center;\"><span style=\"color: #000000;\"><em><strong>Danke f\u00fcr Ihr Verst\u00e4ndnis!<\/strong><\/em><\/span><\/p>\t\t\t\t\t\t\t\t<\/div>\n\t\t\t\t<\/div>\n\t\t\t\t\t<\/div>\n\t\t\t\t<\/div>\n\t\t\t\t<\/div>\n\t\t","protected":false},"excerpt":{"rendered":"<p>R\u00fcckgabe &amp; Garantie 30 Tage Geld-zur\u00fcck-Garantie Wir sind so zuversichtlich, dass du deinen Body Wisdom Sling lieben wirst, dass wir eine 100% ige R\u00fcckerstattung f\u00fcr den Body Wisdom Sling anbieten. Wenn du aus irgendeinem Grund nicht mit dem Produkt zufrieden bist, hast du 30 Tage ab dem Lieferdatum dich bei uns zu melden. ALLGEMEINE (ALLE [&hellip;]<\/p>\n","protected":false},"author":1,"featured_media":0,"parent":0,"menu_order":30,"comment_status":"closed","ping_status":"closed","template":"elementor_header_footer","meta":{"footnotes":""},"class_list":["post-3315","page","type-page","status-publish","hentry"],"_links":{"self":[{"href":"https:\/\/body-wisdom.net\/de\/wp-json\/wp\/v2\/pages\/3315","targetHints":{"allow":["GET"]}}],"collection":[{"href":"https:\/\/body-wisdom.net\/de\/wp-json\/wp\/v2\/pages"}],"about":[{"href":"https:\/\/body-wisdom.net\/de\/wp-json\/wp\/v2\/types\/page"}],"author":[{"embeddable":true,"href":"https:\/\/body-wisdom.net\/de\/wp-json\/wp\/v2\/users\/1"}],"replies":[{"embeddable":true,"href":"https:\/\/body-wisdom.net\/de\/wp-json\/wp\/v2\/comments?post=3315"}],"version-history":[{"count":0,"href":"https:\/\/body-wisdom.net\/de\/wp-json\/wp\/v2\/pages\/3315\/revisions"}],"wp:attachment":[{"href":"https:\/\/body-wisdom.net\/de\/wp-json\/wp\/v2\/media?parent=3315"}],"curies":[{"name":"wp","href":"https:\/\/api.w.org\/{rel}","templated":true}]}}