{"id":5187,"date":"2023-01-16T16:26:41","date_gmt":"2023-01-16T15:26:41","guid":{"rendered":"https:\/\/body-wisdom.net\/ressourcen\/"},"modified":"2023-02-08T20:06:35","modified_gmt":"2023-02-08T19:06:35","slug":"ressourcen","status":"publish","type":"page","link":"https:\/\/body-wisdom.net\/de\/ressourcen\/","title":{"rendered":"Ressourcen"},"content":{"rendered":"\t\t<div data-elementor-type=\"wp-page\" data-elementor-id=\"5187\" class=\"elementor elementor-5187 elementor-5134\" data-elementor-settings=\"{&quot;element_pack_global_tooltip_width&quot;:{&quot;unit&quot;:&quot;px&quot;,&quot;size&quot;:&quot;&quot;,&quot;sizes&quot;:[]},&quot;element_pack_global_tooltip_width_tablet&quot;:{&quot;unit&quot;:&quot;px&quot;,&quot;size&quot;:&quot;&quot;,&quot;sizes&quot;:[]},&quot;element_pack_global_tooltip_width_mobile&quot;:{&quot;unit&quot;:&quot;px&quot;,&quot;size&quot;:&quot;&quot;,&quot;sizes&quot;:[]},&quot;element_pack_global_tooltip_padding&quot;:{&quot;unit&quot;:&quot;px&quot;,&quot;top&quot;:&quot;&quot;,&quot;right&quot;:&quot;&quot;,&quot;bottom&quot;:&quot;&quot;,&quot;left&quot;:&quot;&quot;,&quot;isLinked&quot;:true},&quot;element_pack_global_tooltip_padding_tablet&quot;:{&quot;unit&quot;:&quot;px&quot;,&quot;top&quot;:&quot;&quot;,&quot;right&quot;:&quot;&quot;,&quot;bottom&quot;:&quot;&quot;,&quot;left&quot;:&quot;&quot;,&quot;isLinked&quot;:true},&quot;element_pack_global_tooltip_padding_mobile&quot;:{&quot;unit&quot;:&quot;px&quot;,&quot;top&quot;:&quot;&quot;,&quot;right&quot;:&quot;&quot;,&quot;bottom&quot;:&quot;&quot;,&quot;left&quot;:&quot;&quot;,&quot;isLinked&quot;:true},&quot;element_pack_global_tooltip_border_radius&quot;:{&quot;unit&quot;:&quot;px&quot;,&quot;top&quot;:&quot;&quot;,&quot;right&quot;:&quot;&quot;,&quot;bottom&quot;:&quot;&quot;,&quot;left&quot;:&quot;&quot;,&quot;isLinked&quot;:true},&quot;element_pack_global_tooltip_border_radius_tablet&quot;:{&quot;unit&quot;:&quot;px&quot;,&quot;top&quot;:&quot;&quot;,&quot;right&quot;:&quot;&quot;,&quot;bottom&quot;:&quot;&quot;,&quot;left&quot;:&quot;&quot;,&quot;isLinked&quot;:true},&quot;element_pack_global_tooltip_border_radius_mobile&quot;:{&quot;unit&quot;:&quot;px&quot;,&quot;top&quot;:&quot;&quot;,&quot;right&quot;:&quot;&quot;,&quot;bottom&quot;:&quot;&quot;,&quot;left&quot;:&quot;&quot;,&quot;isLinked&quot;:true}}\" data-elementor-post-type=\"page\">\n\t\t\t\t<div class=\"elementor-element elementor-element-5a4698e e-flex e-con-boxed e-con e-parent\" data-id=\"5a4698e\" data-element_type=\"container\" data-e-type=\"container\" data-settings=\"{&quot;background_background&quot;:&quot;classic&quot;}\">\n\t\t\t\t\t<div class=\"e-con-inner\">\n\t\t\t\t<div class=\"elementor-element elementor-element-8b69020 elementor-widget__width-inherit elementor-widget elementor-widget-heading\" data-id=\"8b69020\" data-element_type=\"widget\" data-e-type=\"widget\" data-widget_type=\"heading.default\">\n\t\t\t\t<div class=\"elementor-widget-container\">\n\t\t\t\t\t<h1 class=\"elementor-heading-title elementor-size-default\">Body Wisdom Ressourcen<\/h1>\t\t\t\t<\/div>\n\t\t\t\t<\/div>\n\t\t\t\t<div class=\"elementor-element elementor-element-e05d973 elementor-widget__width-inherit elementor-widget elementor-widget-text-editor\" data-id=\"e05d973\" data-element_type=\"widget\" data-e-type=\"widget\" data-widget_type=\"text-editor.default\">\n\t\t\t\t<div class=\"elementor-widget-container\">\n\t\t\t\t\t\t\t\t\t<h2 style=\"text-align: center;\"><span style=\"color: #21a89f;\">Download<\/span> eBook Trainingsprogramm f\u00fcr Anf\u00e4nger<\/h2>\n\t\t\t\t\t\t\t\t<\/div>\n\t\t\t\t<\/div>\n\t\t\t\t<div class=\"elementor-element elementor-element-af7ba22 elementor-widget__width-inherit elementor-widget elementor-widget-image\" data-id=\"af7ba22\" data-element_type=\"widget\" data-e-type=\"widget\" data-widget_type=\"image.default\">\n\t\t\t\t<div class=\"elementor-widget-container\">\n\t\t\t\t\t\t\t\t\t\t\t\t\t\t\t\t<a href=\"https:\/\/body-wisdom.net\/wp-content\/uploads\/Body-Wisdom-EBook-BeginnerTrainingsprogram-DE.pdf\">\n\t\t\t\t\t\t\t<img fetchpriority=\"high\" decoding=\"async\" width=\"200\" height=\"313\" src=\"https:\/\/body-wisdom.net\/wp-content\/uploads\/BeginnereBook-Cover.png\" class=\"attachment-full size-full wp-image-5148\" alt=\"eBook Trainingsprogramm f\u00fcr Beginner Body Wisdom DE\" srcset=\"https:\/\/body-wisdom.net\/wp-content\/uploads\/BeginnereBook-Cover.png 200w, https:\/\/body-wisdom.net\/wp-content\/uploads\/BeginnereBook-Cover-192x300.png 192w, https:\/\/body-wisdom.net\/wp-content\/uploads\/BeginnereBook-Cover-96x150.png 96w\" sizes=\"(max-width: 200px) 100vw, 200px\" \/>\t\t\t\t\t\t\t\t<\/a>\n\t\t\t\t\t\t\t\t\t\t\t\t\t\t\t<\/div>\n\t\t\t\t<\/div>\n\t\t\t\t<div class=\"elementor-element elementor-element-ba30fcd elementor-widget__width-initial elementor-widget-tablet__width-inherit elementor-widget elementor-widget-text-editor\" data-id=\"ba30fcd\" data-element_type=\"widget\" data-e-type=\"widget\" data-widget_type=\"text-editor.default\">\n\t\t\t\t<div class=\"elementor-widget-container\">\n\t\t\t\t\t\t\t\t\t<p><a href=\"https:\/\/body-wisdom.net\/wp-content\/uploads\/Body-Wisdom-EBook-BeginnerTrainingsprogram-DE.pdf\">DOWNLOAD<\/a><\/p>\n\t\t\t\t\t\t\t\t<\/div>\n\t\t\t\t<\/div>\n\t\t\t\t\t<\/div>\n\t\t\t\t<\/div>\n\t\t<div class=\"elementor-element elementor-element-40e97e7 e-flex e-con-boxed e-con e-parent\" data-id=\"40e97e7\" data-element_type=\"container\" data-e-type=\"container\" data-settings=\"{&quot;background_background&quot;:&quot;classic&quot;}\">\n\t\t\t\t\t<div class=\"e-con-inner\">\n\t\t\t\t<div class=\"elementor-element elementor-element-d6d5331 elementor-widget__width-inherit elementor-widget elementor-widget-text-editor\" data-id=\"d6d5331\" data-element_type=\"widget\" data-e-type=\"widget\" data-widget_type=\"text-editor.default\">\n\t\t\t\t<div class=\"elementor-widget-container\">\n\t\t\t\t\t\t\t\t\t<h2 style=\"text-align: center;\"><span style=\"color: #21a89f;\">Download<\/span> eBook Trainingsprogramm f\u00fcr Fortgeschrittene<\/h2>\n\t\t\t\t\t\t\t\t<\/div>\n\t\t\t\t<\/div>\n\t\t\t\t<div class=\"elementor-element elementor-element-576e7f3 elementor-widget__width-inherit elementor-widget elementor-widget-image\" data-id=\"576e7f3\" data-element_type=\"widget\" data-e-type=\"widget\" data-widget_type=\"image.default\">\n\t\t\t\t<div class=\"elementor-widget-container\">\n\t\t\t\t\t\t\t\t\t\t\t\t\t\t\t\t<a href=\"https:\/\/body-wisdom.net\/wp-content\/uploads\/Body-Wisdom-EBook-Intermediate2Advanced-Trainingsprogram-DE.pdf\">\n\t\t\t\t\t\t\t<img decoding=\"async\" width=\"200\" height=\"313\" src=\"https:\/\/body-wisdom.net\/wp-content\/uploads\/FortgeschrittenereBook-Cover-1.png\" class=\"attachment-full size-full wp-image-5150\" alt=\"eBook Cover Trainingsprogramm f\u00fcr Fortgeschrittene Body Wisdom DE\" srcset=\"https:\/\/body-wisdom.net\/wp-content\/uploads\/FortgeschrittenereBook-Cover-1.png 200w, https:\/\/body-wisdom.net\/wp-content\/uploads\/FortgeschrittenereBook-Cover-1-192x300.png 192w, https:\/\/body-wisdom.net\/wp-content\/uploads\/FortgeschrittenereBook-Cover-1-96x150.png 96w\" sizes=\"(max-width: 200px) 100vw, 200px\" \/>\t\t\t\t\t\t\t\t<\/a>\n\t\t\t\t\t\t\t\t\t\t\t\t\t\t\t<\/div>\n\t\t\t\t<\/div>\n\t\t\t\t<div class=\"elementor-element elementor-element-d8e1b0b elementor-widget__width-initial elementor-widget-tablet__width-inherit elementor-widget elementor-widget-text-editor\" data-id=\"d8e1b0b\" data-element_type=\"widget\" data-e-type=\"widget\" data-widget_type=\"text-editor.default\">\n\t\t\t\t<div class=\"elementor-widget-container\">\n\t\t\t\t\t\t\t\t\t<p><a href=\"https:\/\/body-wisdom.net\/wp-content\/uploads\/Body-Wisdom-EBook-Intermediate2Advanced-Trainingsprogram-DE.pdf\">DOWNLOAD<\/a><\/p>\n\t\t\t\t\t\t\t\t<\/div>\n\t\t\t\t<\/div>\n\t\t\t\t\t<\/div>\n\t\t\t\t<\/div>\n\t\t<div class=\"elementor-element elementor-element-2a2550a e-flex e-con-boxed e-con e-parent\" data-id=\"2a2550a\" data-element_type=\"container\" data-e-type=\"container\" data-settings=\"{&quot;background_background&quot;:&quot;classic&quot;}\">\n\t\t\t\t\t<div class=\"e-con-inner\">\n\t\t\t\t<div class=\"elementor-element elementor-element-79d06d4 elementor-widget__width-inherit elementor-widget elementor-widget-text-editor\" data-id=\"79d06d4\" data-element_type=\"widget\" data-e-type=\"widget\" data-widget_type=\"text-editor.default\">\n\t\t\t\t<div class=\"elementor-widget-container\">\n\t\t\t\t\t\t\t\t\t<h2 style=\"text-align: center;\"><span style=\"color: #21a89f;\">Download<\/span> eBook Ern\u00e4hrungstipps<\/h2>\n\t\t\t\t\t\t\t\t<\/div>\n\t\t\t\t<\/div>\n\t\t\t\t<div class=\"elementor-element elementor-element-3f31cad elementor-widget__width-inherit elementor-widget elementor-widget-image\" data-id=\"3f31cad\" data-element_type=\"widget\" data-e-type=\"widget\" data-widget_type=\"image.default\">\n\t\t\t\t<div class=\"elementor-widget-container\">\n\t\t\t\t\t\t\t\t\t\t\t\t\t\t\t\t<a href=\"https:\/\/body-wisdom.net\/wp-content\/uploads\/eBook-Nutritional-Guide-De.pdf\">\n\t\t\t\t\t\t\t<img decoding=\"async\" width=\"200\" height=\"313\" src=\"https:\/\/body-wisdom.net\/wp-content\/uploads\/FreeEbookNutritional-GuideDE.jpg\" class=\"attachment-full size-full wp-image-5154\" alt=\"kostenloses Ebook Ern\u00e4hrungs Guide\" srcset=\"https:\/\/body-wisdom.net\/wp-content\/uploads\/FreeEbookNutritional-GuideDE.jpg 200w, https:\/\/body-wisdom.net\/wp-content\/uploads\/FreeEbookNutritional-GuideDE-192x300.jpg 192w, https:\/\/body-wisdom.net\/wp-content\/uploads\/FreeEbookNutritional-GuideDE-96x150.jpg 96w\" sizes=\"(max-width: 200px) 100vw, 200px\" \/>\t\t\t\t\t\t\t\t<\/a>\n\t\t\t\t\t\t\t\t\t\t\t\t\t\t\t<\/div>\n\t\t\t\t<\/div>\n\t\t\t\t<div class=\"elementor-element elementor-element-7eeabe7 elementor-widget__width-initial elementor-widget-tablet__width-inherit elementor-widget elementor-widget-text-editor\" data-id=\"7eeabe7\" data-element_type=\"widget\" data-e-type=\"widget\" data-widget_type=\"text-editor.default\">\n\t\t\t\t<div class=\"elementor-widget-container\">\n\t\t\t\t\t\t\t\t\t<p><a href=\"https:\/\/body-wisdom.net\/wp-content\/uploads\/eBook-Nutritional-Guide-De.pdf\">DOWNLOAD<\/a><\/p>\n\t\t\t\t\t\t\t\t<\/div>\n\t\t\t\t<\/div>\n\t\t\t\t\t<\/div>\n\t\t\t\t<\/div>\n\t\t\t\t<\/div>\n\t\t","protected":false},"excerpt":{"rendered":"<p>Body Wisdom Ressourcen Download eBook Trainingsprogramm f\u00fcr Anf\u00e4nger DOWNLOAD Download eBook Trainingsprogramm f\u00fcr Fortgeschrittene DOWNLOAD Download eBook Ern\u00e4hrungstipps DOWNLOAD<\/p>\n","protected":false},"author":2,"featured_media":0,"parent":0,"menu_order":2,"comment_status":"closed","ping_status":"closed","template":"","meta":{"footnotes":""},"class_list":["post-5187","page","type-page","status-publish","hentry"],"_links":{"self":[{"href":"https:\/\/body-wisdom.net\/de\/wp-json\/wp\/v2\/pages\/5187","targetHints":{"allow":["GET"]}}],"collection":[{"href":"https:\/\/body-wisdom.net\/de\/wp-json\/wp\/v2\/pages"}],"about":[{"href":"https:\/\/body-wisdom.net\/de\/wp-json\/wp\/v2\/types\/page"}],"author":[{"embeddable":true,"href":"https:\/\/body-wisdom.net\/de\/wp-json\/wp\/v2\/users\/2"}],"replies":[{"embeddable":true,"href":"https:\/\/body-wisdom.net\/de\/wp-json\/wp\/v2\/comments?post=5187"}],"version-history":[{"count":0,"href":"https:\/\/body-wisdom.net\/de\/wp-json\/wp\/v2\/pages\/5187\/revisions"}],"wp:attachment":[{"href":"https:\/\/body-wisdom.net\/de\/wp-json\/wp\/v2\/media?parent=5187"}],"curies":[{"name":"wp","href":"https:\/\/api.w.org\/{rel}","templated":true}]}}