{"id":3319,"date":"2020-06-08T10:46:50","date_gmt":"2022-11-17T14:59:58","guid":{"rendered":"https:\/\/body-wisdom.org\/shop\/body-wisdom-sling\/"},"modified":"2023-01-16T14:59:31","modified_gmt":"2023-01-16T13:59:31","slug":"body-wisdom-schlingentrainer","status":"publish","type":"product","link":"https:\/\/body-wisdom.net\/de\/shop-de\/body-wisdom-schlingentrainer\/","title":{"rendered":"Body Wisdom Sling"},"content":{"rendered":"<h2 style=\"text-align: left;\"><em>Ein Fitnessstudio kleiner als eine Wasserflasche<\/em><\/h2>\n<p><span style=\"color: #686868;\">Der Body Wisdom Sling ist der vielseitigste Slingtrainer der Welt. Du musst dich nicht auf das Fitnessstudio oder andere Ger\u00e4te verlassen, sondern kannst von \u00fcberall auf der Welt aus trainieren. Dies macht es extrem einfach, sich an dein Training zu halten, sei es bequem von zu Hause aus oder im wildesten Dschungel. Konzentriere dich auf das, was wirklich wichtig ist: DEIN Training!<\/span><\/p>\n<p>&nbsp;<\/p>\n<p><span style=\"color: #686868;\">Du kannst das Benutzerhandbuch, das E-Book mit Ganzk\u00f6rpertraining, Trainingspl\u00e4nen zum Muskelaufbau und 100 \u00dcbungen kostenlos herunterladen. Klicke einfach auf die Links in der Bestellbest\u00e4tigungs-E-Mail, die du nach dem Kauf automatisch erh\u00e4lst.<\/span><\/p>\n<p>&nbsp;<\/p>\n<p><em><strong>Eigenschaften:<\/strong><\/em><\/p>\n<ul>\n<li><span style=\"color: #686868;\">Ansprechend designed (in Deutschland)<\/span><\/li>\n<li><span style=\"color: #686868;\">Trainiere von \u00fcberall (zu Hause oder drau\u00dfen)<\/span><\/li>\n<li><span style=\"color: #686868;\">Passe die L\u00e4nge per Knopfdruck an<\/span><\/li>\n<li><span style=\"color: #686868;\">Unter 500 g<\/span><\/li>\n<li><span style=\"color: #686868;\">Ultra kompakt (vollst\u00e4ndigstes tragbares Fitnessger\u00e4t)<\/span><\/li>\n<li><span style=\"color: #686868;\">In Sekunden aufgebaut<\/span><\/li>\n<li><span style=\"color: #686868;\">In Sekunden abgebaut<\/span><\/li>\n<li><span style=\"color: #686868;\">Beide nahtlos integriert: Anywhere Anchor + Verl\u00e4ngerungsgurt f\u00fcr h\u00f6here Objekte oder Workouts im Freien. (Wettbewerber ben\u00f6tigen dazu zus\u00e4tzliche Elemente).<\/span><\/li>\n<li><span style=\"color: #686868;\">Kann in Sekunden in ein Pull-up-Ger\u00e4t umgebaut werden<\/span><\/li>\n<li><span style=\"color: #686868;\">Du kannst mehr \u00dcbungen machen als alle Fitnessger\u00e4te zusammen<\/span><\/li>\n<li><span style=\"color: #686868;\">Immer funktionelles Training (3-D-Training in allen 3 anatomischen Ebenen)<\/span><\/li>\n<li><span style=\"color: #686868;\">Erhalten Sie KOSTENLOS ein eBook mit Ganzk\u00f6rpertraining, Trainingspl\u00e4nen und 100 \u00dcbungen!<\/span><\/li>\n<li><span style=\"color: #686868;\">Benutzerhandbuch enthalten<\/span><\/li>\n<\/ul>\n","protected":false},"excerpt":{"rendered":"<p>Der kompakteste und vielseitigste Schlingentrainer der Welt. Hole dir unsere Ganzk\u00f6rpertrainings, Muskelaufbau-Trainingspl\u00e4ne und 100 \u00dcbungen kostenlos (alles in diesem Preis enthalten!)<\/p>\n","protected":false},"featured_media":5044,"template":"","meta":[],"product_brand":[],"product_cat":[66],"product_tag":[],"class_list":{"0":"post-3319","1":"product","2":"type-product","3":"status-publish","4":"has-post-thumbnail","6":"product_cat-schlingentrainer","7":"product_shipping_class-kostenloser-versand-verfolgbar","9":"first","10":"instock","11":"shipping-taxable","12":"purchasable","13":"product-type-simple"},"_links":{"self":[{"href":"https:\/\/body-wisdom.net\/de\/wp-json\/wp\/v2\/product\/3319","targetHints":{"allow":["GET"]}}],"collection":[{"href":"https:\/\/body-wisdom.net\/de\/wp-json\/wp\/v2\/product"}],"about":[{"href":"https:\/\/body-wisdom.net\/de\/wp-json\/wp\/v2\/types\/product"}],"version-history":[{"count":0,"href":"https:\/\/body-wisdom.net\/de\/wp-json\/wp\/v2\/product\/3319\/revisions"}],"wp:featuredmedia":[{"embeddable":true,"href":"https:\/\/body-wisdom.net\/de\/wp-json\/wp\/v2\/media\/5044"}],"wp:attachment":[{"href":"https:\/\/body-wisdom.net\/de\/wp-json\/wp\/v2\/media?parent=3319"}],"wp:term":[{"taxonomy":"product_brand","embeddable":true,"href":"https:\/\/body-wisdom.net\/de\/wp-json\/wp\/v2\/product_brand?post=3319"},{"taxonomy":"product_cat","embeddable":true,"href":"https:\/\/body-wisdom.net\/de\/wp-json\/wp\/v2\/product_cat?post=3319"},{"taxonomy":"product_tag","embeddable":true,"href":"https:\/\/body-wisdom.net\/de\/wp-json\/wp\/v2\/product_tag?post=3319"}],"curies":[{"name":"wp","href":"https:\/\/api.w.org\/{rel}","templated":true}]}}