{"id":3664,"date":"2021-06-20T05:54:54","date_gmt":"2021-06-20T03:54:54","guid":{"rendered":"https:\/\/body-wisdom.org\/shop\/body-wisdom-t-shirt\/"},"modified":"2023-01-16T14:20:58","modified_gmt":"2023-01-16T13:20:58","slug":"body-wisdom-t-shirt","status":"publish","type":"product","link":"https:\/\/body-wisdom.net\/de\/shop-de\/body-wisdom-t-shirt\/","title":{"rendered":"Body Wisdom T-Shirt"},"content":{"rendered":"<h2>Das Body Wisdom T-Shirt<\/h2>\n<p>Workouts k\u00f6nnen extrem hart werden, besonders wenn du im Freien trainierst. Deshalb haben wir den perfekten Begleiter f\u00fcr dein Training: Das Body Wisdom T-Shirt.<\/p>\n<p>&nbsp;<\/p>\n<p style=\"text-align: left;\"><strong>Material: 100 % Baumwolle<\/strong><\/p>\n<p>&nbsp;<\/p>\n<p><strong>Small \/ Klein <\/strong><\/p>\n<ul>\n<li>L\u00e4nge 67 cm \u2013 Schulterweite 43 cm \u2013 Brustweite 49 cm<\/li>\n<li>Referenz Gr\u00f6\u00dfe: 170 \u2013 175 cm<\/li>\n<\/ul>\n<p>&nbsp;<\/p>\n<p><strong>Medium \/ Mittel<\/strong><\/p>\n<ul>\n<li>L\u00e4nge 69 cm \u2013 Schulterweite 44 cm \u2013 Brustweite 50 cm<\/li>\n<li>Referenz Gr\u00f6\u00dfe: 175 cm \u2013 180 cm<\/li>\n<\/ul>\n<p>&nbsp;<\/p>\n<p><strong>Large \/ Gro\u00df<\/strong><\/p>\n<ul>\n<li>L\u00e4nge 73 cm \u2013 Schulterweite 64 cm \u2013 Brustweite 53 cm<\/li>\n<li>Referenz Gr\u00f6\u00dfe: 180 \u2013 185 cm<\/li>\n<\/ul>\n<p>&nbsp;<\/p>\n<p><em><strong>Bitte Beachte:<\/strong><\/em><\/p>\n<ul>\n<li>Wir empfehlen Ihnen, die Gr\u00f6\u00dfenempfehlungen sorgf\u00e4ltig zu lesen, da wir das Produkt international versenden.<\/li>\n<li>Um diesen Artikel zur\u00fcckzuerstatten, ist der K\u00e4ufer f\u00fcr die Zahlung der Versandkosten zur\u00fcck zu unserem Lager verantwortlich.<\/li>\n<li>Bitte nicht \u00fcber 40 \u00b0C waschen<\/li>\n<\/ul>\n<p>&nbsp;<\/p>\n","protected":false},"excerpt":{"rendered":"<p>Workouts k\u00f6nnen extrem hart werden, besonders wenn du im Freien trainierst. Deshalb haben wir den perfekten Begleiter f\u00fcr Ihr Training.<\/p>\n","protected":false},"featured_media":5082,"template":"","meta":[],"product_brand":[],"product_cat":[63],"product_tag":[],"class_list":{"0":"post-3664","1":"product","2":"type-product","3":"status-publish","4":"has-post-thumbnail","6":"product_cat-ausruestung","7":"product_shipping_class-weltweit-verfolgbar","9":"first","10":"outofstock","11":"shipping-taxable","12":"purchasable","13":"product-type-variable"},"_links":{"self":[{"href":"https:\/\/body-wisdom.net\/de\/wp-json\/wp\/v2\/product\/3664","targetHints":{"allow":["GET"]}}],"collection":[{"href":"https:\/\/body-wisdom.net\/de\/wp-json\/wp\/v2\/product"}],"about":[{"href":"https:\/\/body-wisdom.net\/de\/wp-json\/wp\/v2\/types\/product"}],"version-history":[{"count":0,"href":"https:\/\/body-wisdom.net\/de\/wp-json\/wp\/v2\/product\/3664\/revisions"}],"wp:featuredmedia":[{"embeddable":true,"href":"https:\/\/body-wisdom.net\/de\/wp-json\/wp\/v2\/media\/5082"}],"wp:attachment":[{"href":"https:\/\/body-wisdom.net\/de\/wp-json\/wp\/v2\/media?parent=3664"}],"wp:term":[{"taxonomy":"product_brand","embeddable":true,"href":"https:\/\/body-wisdom.net\/de\/wp-json\/wp\/v2\/product_brand?post=3664"},{"taxonomy":"product_cat","embeddable":true,"href":"https:\/\/body-wisdom.net\/de\/wp-json\/wp\/v2\/product_cat?post=3664"},{"taxonomy":"product_tag","embeddable":true,"href":"https:\/\/body-wisdom.net\/de\/wp-json\/wp\/v2\/product_tag?post=3664"}],"curies":[{"name":"wp","href":"https:\/\/api.w.org\/{rel}","templated":true}]}}