{"id":3668,"date":"2021-06-20T05:10:54","date_gmt":"2022-11-19T09:54:41","guid":{"rendered":"https:\/\/body-wisdom.org\/shop\/portable-resistance-bar\/"},"modified":"2023-01-16T14:29:01","modified_gmt":"2023-01-16T13:29:01","slug":"portable-resistance-bar","status":"publish","type":"product","link":"https:\/\/body-wisdom.net\/de\/shop-de\/portable-resistance-bar\/","title":{"rendered":"Tragbare Widerstandsstange"},"content":{"rendered":"<h2 style=\"text-align: left;\"><em>Die tragbare Widerstandsstange ist das i-T\u00fcpfelchen f\u00fcr Dein ortsunabh\u00e4ngiges Training.<\/em><\/h2>\n<p>&nbsp;<\/p>\n<p><strong>1. METALLSTANGE F\u00dcR WIDERSTANDSB\u00c4NDER<\/strong> (WIDERSTANDSB\u00c4NDER NICHT INBEGRIFFEN) &#8211; Trainiere Fitness- und Langhantel\u00fcbungen zu Hause mit Widerstandsb\u00e4ndern: Bizepsbeugen, Trizepsbeugen, Brustdr\u00fccken im Stehen, Schulterdr\u00fccken, Armheben, Bankdr\u00fccken, Kniebeugen, Kreuzheben, Rudern und vieles mehr.<\/p>\n<p>&nbsp;<\/p>\n<p><strong>2. LANGLEBIG UND KOMFORTABEL<\/strong> &#8211; Die 96.5 cm Stange besteht aus hochwertigem Stahlinnenkern f\u00fcr Festigkeit und Haltbarkeit. Der \u00e4u\u00dfere K\u00f6rper der Stange ist mit strapazierf\u00e4higem, bequemem Schaumgummi bedeckt. Dieser Schaumgummi verhindert ein Verrutschen und schwielige H\u00e4nde.<\/p>\n<p>&nbsp;<\/p>\n<p><strong>3. Zerteilbare Stange-<\/strong> us Gr\u00fcnden der Mobilit\u00e4t kann man die Stange k\u00fcrzen und es ist kompakt genug, um es in Ihre Tasche zu verstauen.<br \/>\nDie Stange kann zu Hause, im Hotelzimmer, im B\u00fcro, im Fitnessstudio und auch im Freien verwendet werden.<\/p>\n<p>&nbsp;<\/p>\n<p><strong>4. VOLLK\u00d6RPER-TRAINING<\/strong> &#8211; Die Metallstange bietet eine breite Palette an Widerstands\u00fcbungen. Diese Stange kann f\u00fcr ein praktisches Ganzk\u00f6rpertraining benutzt werden. Jedes Widerstandsband mit einem Karabiner ist kompatibel.<\/p>\n<p>&nbsp;<\/p>\n<p><em><strong>Eigescnhaften:<\/strong><\/em><\/p>\n<ul>\n<li>Gewicht: 1,5 kg<\/li>\n<li>Nutzungsl\u00e4nge: 96,5 cm<\/li>\n<li>Tragbare L\u00e4nge: 49 cm<\/li>\n<li>Bruchfestigkeit der Stange bis zu 360 kg<\/li>\n<\/ul>\n","protected":false},"excerpt":{"rendered":"<p>Die tragbare Widerstandsstange ist das i-T\u00fcpfelchen f\u00fcr Dein ortsunabh\u00e4ngiges Training.<\/p>\n","protected":false},"featured_media":4932,"template":"","meta":[],"product_brand":[],"product_cat":[64,65],"product_tag":[],"class_list":{"0":"post-3668","1":"product","2":"type-product","3":"status-publish","4":"has-post-thumbnail","6":"product_cat-bars-de-2","7":"product_cat-widerstandsbaender","8":"product_shipping_class-weltweit-verfolgbar","10":"first","11":"instock","12":"shipping-taxable","13":"purchasable","14":"product-type-simple"},"_links":{"self":[{"href":"https:\/\/body-wisdom.net\/de\/wp-json\/wp\/v2\/product\/3668","targetHints":{"allow":["GET"]}}],"collection":[{"href":"https:\/\/body-wisdom.net\/de\/wp-json\/wp\/v2\/product"}],"about":[{"href":"https:\/\/body-wisdom.net\/de\/wp-json\/wp\/v2\/types\/product"}],"version-history":[{"count":0,"href":"https:\/\/body-wisdom.net\/de\/wp-json\/wp\/v2\/product\/3668\/revisions"}],"wp:featuredmedia":[{"embeddable":true,"href":"https:\/\/body-wisdom.net\/de\/wp-json\/wp\/v2\/media\/4932"}],"wp:attachment":[{"href":"https:\/\/body-wisdom.net\/de\/wp-json\/wp\/v2\/media?parent=3668"}],"wp:term":[{"taxonomy":"product_brand","embeddable":true,"href":"https:\/\/body-wisdom.net\/de\/wp-json\/wp\/v2\/product_brand?post=3668"},{"taxonomy":"product_cat","embeddable":true,"href":"https:\/\/body-wisdom.net\/de\/wp-json\/wp\/v2\/product_cat?post=3668"},{"taxonomy":"product_tag","embeddable":true,"href":"https:\/\/body-wisdom.net\/de\/wp-json\/wp\/v2\/product_tag?post=3668"}],"curies":[{"name":"wp","href":"https:\/\/api.w.org\/{rel}","templated":true}]}}