{"id":3669,"date":"2021-06-19T06:48:23","date_gmt":"2021-06-19T04:48:23","guid":{"rendered":"https:\/\/body-wisdom.org\/shop\/push-up-bar\/"},"modified":"2023-01-16T14:29:38","modified_gmt":"2023-01-16T13:29:38","slug":"push-up-bar","status":"publish","type":"product","link":"https:\/\/body-wisdom.net\/de\/shop-de\/push-up-bar\/","title":{"rendered":"Liegest\u00fctzgriffe"},"content":{"rendered":"<h2><em>Hochwertige Liegest\u00fctzgriffe<\/em><\/h2>\n<p>Diese Liegest\u00fctzgriffe sind aus hochwertigem Stahl und strapazierf\u00e4higem, komfortablem Schaumstoff gefertigt. Die Schaumgriffe verhindern ein Verrutschen und schwielige H\u00e4nde.<\/p>\n<p>&nbsp;<\/p>\n<p>Du kannst verschieden Griffvarianten benutzen um dein Training abwechslungsreich zu gestalten. Durch die H\u00f6he der Griffe, kannst du tiefer in die Liegest\u00fctze gehen (Mehr Bewegungsraum \/ ROM) dadurch werden die Muskeln mehr gefordert und deine Brustmuskeln wachsen besser.<\/p>\n<p>&nbsp;<\/p>\n<p><em><strong>Eigenschaften:<\/strong><\/em><\/p>\n<ul>\n<li>Gewicht: 0.8kg<\/li>\n<li>H\u00f6he: 12 cm<\/li>\n<li>L\u00e4nge: 18 cm<\/li>\n<\/ul>\n","protected":false},"excerpt":{"rendered":"<p>Diese Liegest\u00fctzgriffe sind aus hochwertigem Stahl und strapazierf\u00e4higem, komfortablem Schaumstoff gefertigt. Die Schaumgriffe verhindern ein Verrutschen und schwielige H\u00e4nde.<\/p>\n","protected":false},"featured_media":4920,"template":"","meta":[],"product_brand":[],"product_cat":[64],"product_tag":[],"class_list":{"0":"post-3669","1":"product","2":"type-product","3":"status-publish","4":"has-post-thumbnail","6":"product_cat-bars-de-2","7":"product_shipping_class-weltweit-verfolgbar","9":"first","10":"instock","11":"shipping-taxable","12":"purchasable","13":"product-type-simple"},"_links":{"self":[{"href":"https:\/\/body-wisdom.net\/de\/wp-json\/wp\/v2\/product\/3669","targetHints":{"allow":["GET"]}}],"collection":[{"href":"https:\/\/body-wisdom.net\/de\/wp-json\/wp\/v2\/product"}],"about":[{"href":"https:\/\/body-wisdom.net\/de\/wp-json\/wp\/v2\/types\/product"}],"version-history":[{"count":0,"href":"https:\/\/body-wisdom.net\/de\/wp-json\/wp\/v2\/product\/3669\/revisions"}],"wp:featuredmedia":[{"embeddable":true,"href":"https:\/\/body-wisdom.net\/de\/wp-json\/wp\/v2\/media\/4920"}],"wp:attachment":[{"href":"https:\/\/body-wisdom.net\/de\/wp-json\/wp\/v2\/media?parent=3669"}],"wp:term":[{"taxonomy":"product_brand","embeddable":true,"href":"https:\/\/body-wisdom.net\/de\/wp-json\/wp\/v2\/product_brand?post=3669"},{"taxonomy":"product_cat","embeddable":true,"href":"https:\/\/body-wisdom.net\/de\/wp-json\/wp\/v2\/product_cat?post=3669"},{"taxonomy":"product_tag","embeddable":true,"href":"https:\/\/body-wisdom.net\/de\/wp-json\/wp\/v2\/product_tag?post=3669"}],"curies":[{"name":"wp","href":"https:\/\/api.w.org\/{rel}","templated":true}]}}