{"id":3670,"date":"2021-06-19T06:42:20","date_gmt":"2021-06-19T04:42:20","guid":{"rendered":"https:\/\/body-wisdom.org\/shop\/body-wisdom-ultra-portable-fitness-mat\/"},"modified":"2023-01-16T14:43:21","modified_gmt":"2023-01-16T13:43:21","slug":"body-wisdom-ultra-portable-fitness-mat","status":"publish","type":"product","link":"https:\/\/body-wisdom.net\/de\/shop-de\/body-wisdom-ultra-portable-fitness-mat\/","title":{"rendered":"Body Wisdom Ultra-Portable Fitness Mat"},"content":{"rendered":"<h2><em>Klein, kleiner &#8211; Die Ultra-Portable Fitnessmatte von Body Wisdom<\/em><\/h2>\n<p>Yoga- oder Fitnessmatten sind super. F\u00fcr die meisten \u00dcbungen ben\u00f6tigt man jedoch nur eine geringe rutschfeste und polsternde Fl\u00e4che f\u00fcr die H\u00e4nde, die Unterarme, das Ges\u00e4\u00df und die Knie.<\/p>\n<p>&nbsp;<\/p>\n<p>Kennst du die folgende Situation? Man trainiert Zuhause und vergisst die Yoga- \/ Fitnessmatte zu verstauen und schon sieht es unordentlich im Haus aus. Mit den Ultra-Portable Fitness Mats herrscht immer Ordnung und das Beste, du kannst sie \u00fcberall mitnehmen, ob zum Outdoor-Sport oder auf Reisen. Die Zeiten, in denen man auf bestimmte \u00dcbungen im Freien verzichten muss, um nicht dreckig zu werden oder weil der harte Boden zu unangenehm ist, sind vorbei.<\/p>\n<p>&nbsp;<\/p>\n<p>Die Ultra-Portable Fitness Mats bestehen aus einer strapazierf\u00e4higen Naturkautschuk-Oberschicht und die Unterschicht besteht aus einer speziellen Gummimischung mit ausreichend Luftporen. Somit sind die Ultra-Portable Fitness Mats rutschfest und verformen sich auch bei extremer Belastung auf Dauer nicht.<\/p>\n<p>&nbsp;<\/p>\n<p><em><strong>Ma\u00dfe:<\/strong><\/em><\/p>\n<ul>\n<li>28 cm x 17 cm \/ 11 x 6.7 inches<\/li>\n<\/ul>\n","protected":false},"excerpt":{"rendered":"<p>Body Wisdom Ultra-Portable Fitnessmatten, k\u00f6nnen drinnen &amp; drau\u00dfen verwendet werden. Die Zeiten, in denen man auf bestimmte \u00dcbungen im Freien verzichten muss, um nicht dreckig zu werden oder weil der harte Boden zu unangenehm ist, sind vorbei.<\/p>\n","protected":false},"featured_media":4997,"template":"","meta":[],"product_brand":[],"product_cat":[66],"product_tag":[],"class_list":{"0":"post-3670","1":"product","2":"type-product","3":"status-publish","4":"has-post-thumbnail","6":"product_cat-schlingentrainer","7":"product_shipping_class-weltweit-verfolgbar","9":"first","10":"outofstock","11":"shipping-taxable","12":"purchasable","13":"product-type-simple"},"_links":{"self":[{"href":"https:\/\/body-wisdom.net\/de\/wp-json\/wp\/v2\/product\/3670","targetHints":{"allow":["GET"]}}],"collection":[{"href":"https:\/\/body-wisdom.net\/de\/wp-json\/wp\/v2\/product"}],"about":[{"href":"https:\/\/body-wisdom.net\/de\/wp-json\/wp\/v2\/types\/product"}],"version-history":[{"count":0,"href":"https:\/\/body-wisdom.net\/de\/wp-json\/wp\/v2\/product\/3670\/revisions"}],"wp:featuredmedia":[{"embeddable":true,"href":"https:\/\/body-wisdom.net\/de\/wp-json\/wp\/v2\/media\/4997"}],"wp:attachment":[{"href":"https:\/\/body-wisdom.net\/de\/wp-json\/wp\/v2\/media?parent=3670"}],"wp:term":[{"taxonomy":"product_brand","embeddable":true,"href":"https:\/\/body-wisdom.net\/de\/wp-json\/wp\/v2\/product_brand?post=3670"},{"taxonomy":"product_cat","embeddable":true,"href":"https:\/\/body-wisdom.net\/de\/wp-json\/wp\/v2\/product_cat?post=3670"},{"taxonomy":"product_tag","embeddable":true,"href":"https:\/\/body-wisdom.net\/de\/wp-json\/wp\/v2\/product_tag?post=3670"}],"curies":[{"name":"wp","href":"https:\/\/api.w.org\/{rel}","templated":true}]}}