{"id":3735,"date":"2021-04-19T20:16:25","date_gmt":"2022-11-22T11:19:00","guid":{"rendered":"https:\/\/body-wisdom.org\/shop\/athlete-resistance-band-set-64kg-140-lbs\/"},"modified":"2023-01-16T14:49:31","modified_gmt":"2023-01-16T13:49:31","slug":"athlete-resistance-band-set-64kg-140-lbs","status":"publish","type":"product","link":"https:\/\/body-wisdom.net\/de\/shop-de\/athlete-resistance-band-set-64kg-140-lbs\/","title":{"rendered":"Athlete Widerstandsband-Set 64Kg \/ 140 Lbs"},"content":{"rendered":"<h2><em>Athlete Widerstandsband-Set &#8211; Ein komplettes Trainingssystem<\/em><\/h2>\n<p><em>Mit diesem Trainingsset, wirst du dein Training an deine Grenzen bringen. Die Widerstandsb\u00e4nder sind perfekt Kombination mit dem Body Wisdom Sling einsetzbar.<\/em><\/p>\n<p>&nbsp;<\/p>\n<p>Trainiere deine <em><strong>Kraft, Explosionskraft und Kraftausdauer<\/strong><\/em>. Da <em><strong>unser Set 3 verschiedene Widerst\u00e4nde<\/strong><\/em> bietet, kannst du dein Widerstandsniveau ganz einfach an deine Trainingsbed\u00fcrfnisse anpassen. Du kannst das Widerstandsniveau anpassen, indem du B\u00e4nder wechselst, hinzuf\u00fcgst oder wegl\u00e4sst. Es k\u00f6nnen mehrere B\u00e4nder in die D-Ringe der Griffe eingeklippt werden.<\/p>\n<p>&nbsp;<\/p>\n<p>Das Athlete Set ist ein <strong>vollst\u00e4ndiges Trainingssystem,<\/strong> womit du Bizeps, Triceps, Schultern, R\u00fccken, Brust, Bauch und Beine trainieren kannst.<\/p>\n<p>&nbsp;<\/p>\n<p>Wie immer haben wir hier auf TOP-QUALIT\u00c4T geachtet, denn diese B\u00e4nder halten im Gegensatz zu anderen Herstellern lange und sind extrem widerstandsf\u00e4hig.<\/p>\n<p>&nbsp;<\/p>\n<p>Die <strong>innovative Ummantelung<\/strong> des Latexbands sch\u00fctzt vor Abreibung, UV-Strahlen, Oxidation und sonstigen Umwelteinfl\u00fcssen. So kannst du diese beruhigt im Outdoor Bereich benutzen.<\/p>\n<p>&nbsp;<\/p>\n<p><em><strong>Eigenschaften:<\/strong><\/em><\/p>\n<ul>\n<li>Widerstandsb\u00e4nder: 1 x 27 kg, 1 x 21kg, 1 x 16 kg<\/li>\n<li>1 \u00dcberall Anker<\/li>\n<li>1 T\u00fcranker<\/li>\n<li>2 Fu\u00df- \/ Handgelenkb\u00e4nder<\/li>\n<li>2 Griffe<\/li>\n<\/ul>\n","protected":false},"excerpt":{"rendered":"<div class=\"woocommerce-product-details__short-description\">\n<p>Das Athlete Widerstandsband-Set ist ein komplettes Trainingssystem, mit dem DU Bizeps, Trizeps, Schultern, R\u00fccken, Brust, Bauch und Beine trainieren kannst.<\/p>\n<p>&nbsp;<\/p>\n<p><em><strong>Unser Set besteht aus 3 verschiedene Widerst\u00e4nden,<\/strong><\/em> daher kannst du dein Widerstandsniveau ganz einfach an deine Trainingsbed\u00fcrfnisse anpassen. Du kannst das Widerstandsniveau anpassen, indem du B\u00e4nder wechselst, hinzuf\u00fcgst oder wegl\u00e4sst. Es k\u00f6nnen mehrere B\u00e4nder in die D-Ringe der Griffe eingeklippt werden.<\/p>\n<\/div>\n","protected":false},"featured_media":5022,"template":"","meta":[],"product_brand":[],"product_cat":[65],"product_tag":[],"class_list":{"0":"post-3735","1":"product","2":"type-product","3":"status-publish","4":"has-post-thumbnail","6":"product_cat-widerstandsbaender","7":"product_shipping_class-weltweit-verfolgbar","9":"first","10":"instock","11":"shipping-taxable","12":"purchasable","13":"product-type-simple"},"_links":{"self":[{"href":"https:\/\/body-wisdom.net\/de\/wp-json\/wp\/v2\/product\/3735","targetHints":{"allow":["GET"]}}],"collection":[{"href":"https:\/\/body-wisdom.net\/de\/wp-json\/wp\/v2\/product"}],"about":[{"href":"https:\/\/body-wisdom.net\/de\/wp-json\/wp\/v2\/types\/product"}],"version-history":[{"count":0,"href":"https:\/\/body-wisdom.net\/de\/wp-json\/wp\/v2\/product\/3735\/revisions"}],"wp:featuredmedia":[{"embeddable":true,"href":"https:\/\/body-wisdom.net\/de\/wp-json\/wp\/v2\/media\/5022"}],"wp:attachment":[{"href":"https:\/\/body-wisdom.net\/de\/wp-json\/wp\/v2\/media?parent=3735"}],"wp:term":[{"taxonomy":"product_brand","embeddable":true,"href":"https:\/\/body-wisdom.net\/de\/wp-json\/wp\/v2\/product_brand?post=3735"},{"taxonomy":"product_cat","embeddable":true,"href":"https:\/\/body-wisdom.net\/de\/wp-json\/wp\/v2\/product_cat?post=3735"},{"taxonomy":"product_tag","embeddable":true,"href":"https:\/\/body-wisdom.net\/de\/wp-json\/wp\/v2\/product_tag?post=3735"}],"curies":[{"name":"wp","href":"https:\/\/api.w.org\/{rel}","templated":true}]}}