{"id":5632,"date":"2023-05-03T04:45:30","date_gmt":"2023-05-03T02:45:30","guid":{"rendered":"https:\/\/body-wisdom.net\/?post_type=product&#038;p=5632"},"modified":"2026-01-13T15:55:50","modified_gmt":"2026-01-13T14:55:50","slug":"body-wisdom-gymnastic-rings","status":"publish","type":"product","link":"https:\/\/body-wisdom.net\/de\/shop-de\/body-wisdom-gymnastic-rings\/","title":{"rendered":"Body Wisdom Turnringe"},"content":{"rendered":"<h2>Body Wisdom Turnringe<\/h2>\n<p>&nbsp;<\/p>\n<p>Nutzen Sie das vielseitigste Workout-Tool der Welt, die Turnringe!<\/p>\n<p><strong>Diese Ringe sind aus Buchenholz gefertigt, das haltbarer und h\u00e4rter ist als Birkenholz und einen besseren Halt bietet.<\/strong><\/p>\n<p>&nbsp;<\/p>\n<p>Da die Turnringe zwei Ankerpunkte haben (statt einem wie beim Suspension Trainer), kannst du auch die Breite deiner \u00dcbungen einstellen, was bei Dips, Liegest\u00fctzen, Klimmz\u00fcgen usw. sehr praktisch ist.<\/p>\n<p>&nbsp;<\/p>\n<p><strong><em>Wir haben das Holz mit dreimaligem Auftragen von gekochtem Lein\u00f6l behandelt. Jede Anwendung erfolgte im Abstand von mehreren Wochen, um sicherzustellen, dass das \u00d6l die Holzfasern gerade so weit s\u00e4ttigt, dass sie gesch\u00fctzt, jedoch nicht durchn\u00e4sst werden.<\/em><\/strong> Auf diese Weise kann das Holz den Schwei\u00df w\u00e4hrend des Trainings aufnehmen und nach dem Training wieder verdunsten lassen. Das \u00d6l hilft, die Ringe vor Umwelteinfl\u00fcssen wie Sonnenlicht, Schimmel, Wasser und Trockenheit zu sch\u00fctzen.<\/p>\n<p>&nbsp;<\/p>\n<p>Wir empfehlen Dir jedoch, Deine Ringe nach einem Training im Freien mit nach drinnen zu nehmen. Wenn Du Kreide verwendest oder Deine Ringe schmutzig werden, so gen\u00fcgt es sie mit einem feuchten Tuch abzuwischen. Auf diese Weise werden Deine Ringe ein Leben lang halten.<\/p>\n<p>&nbsp;<\/p>\n<p>Das Logo ist dezent gelasert, sodass es nicht von der sch\u00f6nen, nat\u00fcrlichen Maserung des Buchenholzes ablenkt.<\/p>\n<p>&nbsp;<\/p>\n<p>Ein Aufbewahrungsbeutel f\u00fcr Deine Ringe mit dem Body Wisdom Logo ist im Lieferumfang enthalten.<\/p>\n<p>&nbsp;<\/p>\n<p><strong>Material: <\/strong><\/p>\n<ul>\n<li style=\"text-align: left;\"><strong>Ringe: 100 % Buchenholz<\/strong><\/li>\n<\/ul>\n<p>&nbsp;<\/p>\n<ul>\n<li><strong>B\u00e4nder: L\u00e4nge (4,8 m)<\/strong><\/li>\n<li><strong>gestickte L\u00e4ngenmarkierungen<br \/>\n<\/strong><\/li>\n<li style=\"text-align: left;\"><strong>Sichere, schwarze Nockenschnallen aus Edelstahl <\/strong><\/li>\n<\/ul>\n<p>&nbsp;<\/p>\n<ul>\n<li><strong>Aufbewahrungsbeutel: Polyester<\/strong><\/li>\n<\/ul>\n<p>&nbsp;<\/p>\n<p><strong>Gr\u00f6\u00dfe<\/strong><\/p>\n<p>&nbsp;<\/p>\n<ul>\n<li>32 mm &#8211; bequemer f\u00fcr durchschnittliche oder gr\u00f6\u00dfere H\u00e4nde. Au\u00dferdem sind die 32 mm Body Wisdom Turnringe aus Holz bequemer f\u00fcr die Druck\u00fcbungen wie Dips, Liegest\u00fctze und so weiter. F\u00fcr den &#8222;false grip&#8220; empfehlen wir die 32-mm-Ringe.<\/li>\n<\/ul>\n<p>&nbsp;<\/p>\n<p>&nbsp;<\/p>\n<p><em><strong>Bitte Beachte:<\/strong><\/em><\/p>\n<ul>\n<li>Da diese Ringe aus nat\u00fcrlichem Buchenholz gefertigt sind, kann die F\u00e4rbung der einzelnen Ringe von den Abbildungen abweichen. Einige Flecken oder ganze Ringe k\u00f6nnen dunkler oder heller sein. Wir sind jedoch der Meinung, dass diese dadurch noch besonderer und sch\u00f6ner werden, und nach einiger Zeit sehen sie noch besser aus und f\u00fchlen sich noch besser an!<\/li>\n<\/ul>\n<p>&nbsp;<\/p>\n","protected":false},"excerpt":{"rendered":"<p>Unsere Body Wisdom Turnringe sind aus ge\u00f6ltem Buchenholz gefertigt, welches den Schwei\u00df absorbiert, aber dennoch erm\u00f6glicht, dass der Schwei\u00df nach dem Training abgeleitet wird.<\/p>\n","protected":false},"featured_media":5687,"template":"","meta":[],"product_brand":[],"product_cat":[91],"product_tag":[],"class_list":{"0":"post-5632","1":"product","2":"type-product","3":"status-publish","4":"has-post-thumbnail","6":"product_cat-turnringe","7":"product_shipping_class-weltweit-verfolgbar","9":"first","10":"instock","11":"shipping-taxable","12":"purchasable","13":"product-type-simple"},"_links":{"self":[{"href":"https:\/\/body-wisdom.net\/de\/wp-json\/wp\/v2\/product\/5632","targetHints":{"allow":["GET"]}}],"collection":[{"href":"https:\/\/body-wisdom.net\/de\/wp-json\/wp\/v2\/product"}],"about":[{"href":"https:\/\/body-wisdom.net\/de\/wp-json\/wp\/v2\/types\/product"}],"version-history":[{"count":3,"href":"https:\/\/body-wisdom.net\/de\/wp-json\/wp\/v2\/product\/5632\/revisions"}],"predecessor-version":[{"id":6154,"href":"https:\/\/body-wisdom.net\/de\/wp-json\/wp\/v2\/product\/5632\/revisions\/6154"}],"wp:featuredmedia":[{"embeddable":true,"href":"https:\/\/body-wisdom.net\/de\/wp-json\/wp\/v2\/media\/5687"}],"wp:attachment":[{"href":"https:\/\/body-wisdom.net\/de\/wp-json\/wp\/v2\/media?parent=5632"}],"wp:term":[{"taxonomy":"product_brand","embeddable":true,"href":"https:\/\/body-wisdom.net\/de\/wp-json\/wp\/v2\/product_brand?post=5632"},{"taxonomy":"product_cat","embeddable":true,"href":"https:\/\/body-wisdom.net\/de\/wp-json\/wp\/v2\/product_cat?post=5632"},{"taxonomy":"product_tag","embeddable":true,"href":"https:\/\/body-wisdom.net\/de\/wp-json\/wp\/v2\/product_tag?post=5632"}],"curies":[{"name":"wp","href":"https:\/\/api.w.org\/{rel}","templated":true}]}}